{"id":662,"date":"2024-05-31T19:18:15","date_gmt":"2024-05-31T19:18:15","guid":{"rendered":"https:\/\/gertjanvanwijk.nl\/vt\/?page_id=662"},"modified":"2024-07-26T08:13:48","modified_gmt":"2024-07-26T08:13:48","slug":"coll-de-rates-via-tarbena-76-km-1280-meters-elevation-gain","status":"publish","type":"page","link":"https:\/\/www.vuelta-turistica.com\/en\/cycling-routes-calpe\/coll-de-rates-via-tarbena-76-km-1280-meters-elevation-gain\/","title":{"rendered":"Coll de Rates via Tarbena"},"content":{"rendered":"\t\t<div data-elementor-type=\"wp-page\" data-elementor-id=\"662\" class=\"elementor elementor-662 elementor-661\" data-elementor-post-type=\"page\">\n\t\t\t\t<div class=\"elementor-element elementor-element-c17f0cc e-con-full e-flex e-con e-parent\" data-id=\"c17f0cc\" data-element_type=\"container\" data-e-type=\"container\" data-settings=\"{&quot;shape_divider_bottom&quot;:&quot;pyramids&quot;,&quot;shape_divider_bottom_negative&quot;:&quot;yes&quot;,&quot;background_background&quot;:&quot;classic&quot;}\">\n\t\t\t\t<div class=\"elementor-shape elementor-shape-bottom\" aria-hidden=\"true\" data-negative=\"true\">\n\t\t\t<svg xmlns=\"http:\/\/www.w3.org\/2000\/svg\" viewBox=\"0 0 1000 100\" preserveAspectRatio=\"none\">\n\t<path class=\"elementor-shape-fill\" d=\"M761.9,40.6L643.1,24L333.9,93.8L0.1,1H0v99h1000V1\"\/>\n<\/svg>\t\t<\/div>\n\t\t<div class=\"elementor-element elementor-element-fe6435a e-con-full e-flex e-con e-child\" data-id=\"fe6435a\" data-element_type=\"container\" data-e-type=\"container\" data-settings=\"{&quot;shape_divider_bottom&quot;:&quot;pyramids&quot;,&quot;shape_divider_bottom_negative&quot;:&quot;yes&quot;}\">\n\t\t\t\t<div class=\"elementor-shape elementor-shape-bottom\" aria-hidden=\"true\" data-negative=\"true\">\n\t\t\t<svg xmlns=\"http:\/\/www.w3.org\/2000\/svg\" viewBox=\"0 0 1000 100\" preserveAspectRatio=\"none\">\n\t<path class=\"elementor-shape-fill\" d=\"M761.9,40.6L643.1,24L333.9,93.8L0.1,1H0v99h1000V1\"\/>\n<\/svg>\t\t<\/div>\n\t\t\t\t<div class=\"elementor-element elementor-element-bdd424a elementor-widget elementor-widget-image\" data-id=\"bdd424a\" data-element_type=\"widget\" data-e-type=\"widget\" data-widget_type=\"image.default\">\n\t\t\t\t<div class=\"elementor-widget-container\">\n\t\t\t\t\t\t\t\t\t\t\t\t\t\t\t<img fetchpriority=\"high\" decoding=\"async\" width=\"1640\" height=\"1093\" src=\"https:\/\/www.vuelta-turistica.com\/wp-content\/uploads\/2024\/07\/cycling-route-in-calpe-coll-de-rates-via-tarbena.webp\" class=\"attachment-full size-full wp-image-733\" alt=\"Cycling route in Calpe - Coll de Rates via Tarbena\" srcset=\"https:\/\/www.vuelta-turistica.com\/wp-content\/uploads\/2024\/07\/cycling-route-in-calpe-coll-de-rates-via-tarbena.webp 1640w, https:\/\/www.vuelta-turistica.com\/wp-content\/uploads\/2024\/07\/cycling-route-in-calpe-coll-de-rates-via-tarbena-300x200.webp 300w, https:\/\/www.vuelta-turistica.com\/wp-content\/uploads\/2024\/07\/cycling-route-in-calpe-coll-de-rates-via-tarbena-1024x682.webp 1024w, https:\/\/www.vuelta-turistica.com\/wp-content\/uploads\/2024\/07\/cycling-route-in-calpe-coll-de-rates-via-tarbena-768x512.webp 768w, https:\/\/www.vuelta-turistica.com\/wp-content\/uploads\/2024\/07\/cycling-route-in-calpe-coll-de-rates-via-tarbena-1536x1024.webp 1536w\" sizes=\"(max-width: 1640px) 100vw, 1640px\" \/>\t\t\t\t\t\t\t\t\t\t\t\t\t\t\t<\/div>\n\t\t\t\t<\/div>\n\t\t\t\t<\/div>\n\t\t<div class=\"elementor-element elementor-element-22bb6a3 e-con-full e-flex e-con e-child\" data-id=\"22bb6a3\" data-element_type=\"container\" data-e-type=\"container\" data-settings=\"{&quot;background_background&quot;:&quot;classic&quot;}\">\n\t\t\t\t<div class=\"elementor-element elementor-element-bb2dde0 elementor-widget__width-initial elementor-widget elementor-widget-heading\" data-id=\"bb2dde0\" data-element_type=\"widget\" data-e-type=\"widget\" data-widget_type=\"heading.default\">\n\t\t\t\t<div class=\"elementor-widget-container\">\n\t\t\t\t\t<h1 class=\"elementor-heading-title elementor-size-default\">Coll de Rates via Tarbena - Cycling Route from Calpe<\/h1>\t\t\t\t<\/div>\n\t\t\t\t<\/div>\n\t\t\t\t<div class=\"elementor-element elementor-element-a732df4 elementor-widget-divider--view-line_icon elementor-widget__width-initial elementor-view-default elementor-widget-divider--element-align-center elementor-widget elementor-widget-divider\" data-id=\"a732df4\" data-element_type=\"widget\" data-e-type=\"widget\" data-widget_type=\"divider.default\">\n\t\t\t\t<div class=\"elementor-widget-container\">\n\t\t\t\t\t\t\t<div class=\"elementor-divider\">\n\t\t\t<span class=\"elementor-divider-separator\">\n\t\t\t\t\t\t\t<div class=\"elementor-icon elementor-divider__element\">\n\t\t\t\t\t<svg aria-hidden=\"true\" class=\"e-font-icon-svg e-fas-route\" viewBox=\"0 0 512 512\" xmlns=\"http:\/\/www.w3.org\/2000\/svg\"><path d=\"M416 320h-96c-17.6 0-32-14.4-32-32s14.4-32 32-32h96s96-107 96-160-43-96-96-96-96 43-96 96c0 25.5 22.2 63.4 45.3 96H320c-52.9 0-96 43.1-96 96s43.1 96 96 96h96c17.6 0 32 14.4 32 32s-14.4 32-32 32H185.5c-16 24.8-33.8 47.7-47.3 64H416c52.9 0 96-43.1 96-96s-43.1-96-96-96zm0-256c17.7 0 32 14.3 32 32s-14.3 32-32 32-32-14.3-32-32 14.3-32 32-32zM96 256c-53 0-96 43-96 96s96 160 96 160 96-107 96-160-43-96-96-96zm0 128c-17.7 0-32-14.3-32-32s14.3-32 32-32 32 14.3 32 32-14.3 32-32 32z\"><\/path><\/svg><\/div>\n\t\t\t\t\t\t<\/span>\n\t\t<\/div>\n\t\t\t\t\t\t<\/div>\n\t\t\t\t<\/div>\n\t\t\t\t<div class=\"elementor-element elementor-element-8426fff elementor-widget__width-initial elementor-widget elementor-widget-text-editor\" data-id=\"8426fff\" data-element_type=\"widget\" data-e-type=\"widget\" data-widget_type=\"text-editor.default\">\n\t\t\t\t<div class=\"elementor-widget-container\">\n\t\t\t\t\t\t\t\t\t<p>A slightly shorter but challenging ride over Coll de Rates, this route is 76 kilometers long and has 1,280 meters of elevation gain.<\/p><p>Good luck and enjoy this fun ride!<\/p>\t\t\t\t\t\t\t\t<\/div>\n\t\t\t\t<\/div>\n\t\t\t\t<\/div>\n\t\t\t\t<\/div>\n\t\t<div class=\"elementor-element elementor-element-e0068fa e-flex e-con-boxed e-con e-parent\" data-id=\"e0068fa\" data-element_type=\"container\" data-e-type=\"container\">\n\t\t\t\t\t<div class=\"e-con-inner\">\n\t\t<div class=\"elementor-element elementor-element-9112c7d e-con-full e-flex e-con e-child\" data-id=\"9112c7d\" data-element_type=\"container\" data-e-type=\"container\">\n\t\t\t\t<div class=\"elementor-element elementor-element-c5b38d6 elementor-widget__width-initial elementor-widget elementor-widget-heading\" data-id=\"c5b38d6\" data-element_type=\"widget\" data-e-type=\"widget\" data-widget_type=\"heading.default\">\n\t\t\t\t<div class=\"elementor-widget-container\">\n\t\t\t\t\t<h2 class=\"elementor-heading-title elementor-size-default\">Cycling Route from Calpe over Coll de Rates<\/h2>\t\t\t\t<\/div>\n\t\t\t\t<\/div>\n\t\t\t\t<div class=\"elementor-element elementor-element-faec395 elementor-widget elementor-widget-text-editor\" data-id=\"faec395\" data-element_type=\"widget\" data-e-type=\"widget\" data-widget_type=\"text-editor.default\">\n\t\t\t\t<div class=\"elementor-widget-container\">\n\t\t\t\t\t\t\t\t\t<p>From the headquarters of Vuelta Turistica, you start on quiet roads that prepare you at a steady pace for what lies ahead. The first stretch to the main road can be a bit busier, so if you&#8217;re riding in a group, it&#8217;s advisable to ride single file. Once you leave the main road, turn right towards Altea la Vella and follow the road through to Callosa d&#8217;en Sarria. This part of the route lets you enjoy the tranquility and beauty of the Spanish landscape while gradually gaining some elevation.<\/p>\t\t\t\t\t\t\t\t<\/div>\n\t\t\t\t<\/div>\n\t\t\t\t<div class=\"elementor-element elementor-element-f9171b5 elementor-widget__width-initial elementor-widget elementor-widget-heading\" data-id=\"f9171b5\" data-element_type=\"widget\" data-e-type=\"widget\" data-widget_type=\"heading.default\">\n\t\t\t\t<div class=\"elementor-widget-container\">\n\t\t\t\t\t<h2 class=\"elementor-heading-title elementor-size-default\">The climb to the top of the Coll de Rates<\/h2>\t\t\t\t<\/div>\n\t\t\t\t<\/div>\n\t\t\t\t<div class=\"elementor-element elementor-element-299bf71 elementor-widget elementor-widget-text-editor\" data-id=\"299bf71\" data-element_type=\"widget\" data-e-type=\"widget\" data-widget_type=\"text-editor.default\">\n\t\t\t\t<div class=\"elementor-widget-container\">\n\t\t\t\t\t\t\t\t\t<p>After Callosa d&#8217;en Sarria, you cycle past the picturesque Bolulla, where the real climbing begins. The road becomes steeper here, taking you via a beautiful and quiet route upwards. In Tarbena, a breathtaking climb awaits, bringing you to the top of Coll de Rates. Here, you are rewarded with a phenomenal view and can take some photos at the famous sign. The serene surroundings and the challenging climb make this a highlight of your ride. After enjoying the view, you descend to Parcent and continue towards Alcalal\u00ed.<\/p>\t\t\t\t\t\t\t\t<\/div>\n\t\t\t\t<\/div>\n\t\t\t\t<div class=\"elementor-element elementor-element-b1322cb elementor-widget__width-initial elementor-widget elementor-widget-heading\" data-id=\"b1322cb\" data-element_type=\"widget\" data-e-type=\"widget\" data-widget_type=\"heading.default\">\n\t\t\t\t<div class=\"elementor-widget-container\">\n\t\t\t\t\t<h2 class=\"elementor-heading-title elementor-size-default\">Return to Calpe via charming Spanish villages<\/h2>\t\t\t\t<\/div>\n\t\t\t\t<\/div>\n\t\t\t\t<div class=\"elementor-element elementor-element-cba4f61 elementor-widget elementor-widget-text-editor\" data-id=\"cba4f61\" data-element_type=\"widget\" data-e-type=\"widget\" data-widget_type=\"text-editor.default\">\n\t\t\t\t<div class=\"elementor-widget-container\">\n\t\t\t\t\t\t\t\t\t<p>From Alcalal\u00ed, you cycle through a series of charming villages: Xal\u00f3, Ll\u00edber, and Senija. The route takes you over a viaduct above the highway, offering a beautiful view, and then leads you to Benissa. From Benissa, a few small climbs await before you speed down via the Poggio. The last part of the route passes the Diamante Beach Hotel, a perfect place to stay during a cycling holiday in Calpe. Eventually, you return to Vuelta Turistica, where you can relax and recover from the ride. Here, you can chat with your cycling buddies, admire your bike, and enjoy a drink or recovery shake, ready to dream of your next cycling adventure.<\/p><p>Are you a fan of cycling in a group and looking for a challenging route? At Vuelta Turistica, you can rent a high-quality road bike or a Stromer e-bike. We organize daily group rides suitable for different levels, ideal for both beginners and advanced cyclists. Explore the breathtaking routes of the Costa Blanca under the guidance of our experienced guides. Join us for a fun and adventurous cycling trip and experience an unforgettable journey!<\/p>\t\t\t\t\t\t\t\t<\/div>\n\t\t\t\t<\/div>\n\t\t\t\t<\/div>\n\t\t<div class=\"elementor-element elementor-element-c1384ce e-con-full e-flex e-con e-child\" data-id=\"c1384ce\" data-element_type=\"container\" data-e-type=\"container\">\n\t\t\t\t<div class=\"elementor-element elementor-element-79df5f7 elementor-widget__width-initial elementor-widget elementor-widget-html\" data-id=\"79df5f7\" data-element_type=\"widget\" data-e-type=\"widget\" data-widget_type=\"html.default\">\n\t\t\t\t<div class=\"elementor-widget-container\">\n\t\t\t\t\t<iframe src=\"https:\/\/www.komoot.com\/en-en\/tour\/1618386813\/embed?share_token=aPVbv4KfmxZYLRDAdvOH5oKGDWsnxntF7P0izEa2R0u02vh7dc\" width=\"100%\" height=\"600\" frameborder=\"0\" scrolling=\"no\"><\/iframe>\t\t\t\t<\/div>\n\t\t\t\t<\/div>\n\t\t\t\t<div class=\"elementor-element elementor-element-66c5b90 elementor-widget elementor-widget-image\" data-id=\"66c5b90\" data-element_type=\"widget\" data-e-type=\"widget\" data-widget_type=\"image.default\">\n\t\t\t\t<div class=\"elementor-widget-container\">\n\t\t\t\t\t\t\t\t\t\t\t\t\t\t\t<img decoding=\"async\" width=\"1200\" height=\"1200\" src=\"https:\/\/www.vuelta-turistica.com\/wp-content\/uploads\/2024\/03\/fietsen-calpe-vuelta-turistica.webp\" class=\"attachment-full size-full wp-image-274\" alt=\"Fietsen in Calpe met Vuelta Turistica\" srcset=\"https:\/\/www.vuelta-turistica.com\/wp-content\/uploads\/2024\/03\/fietsen-calpe-vuelta-turistica.webp 1200w, https:\/\/www.vuelta-turistica.com\/wp-content\/uploads\/2024\/03\/fietsen-calpe-vuelta-turistica-300x300.webp 300w, https:\/\/www.vuelta-turistica.com\/wp-content\/uploads\/2024\/03\/fietsen-calpe-vuelta-turistica-1024x1024.webp 1024w, https:\/\/www.vuelta-turistica.com\/wp-content\/uploads\/2024\/03\/fietsen-calpe-vuelta-turistica-150x150.webp 150w, https:\/\/www.vuelta-turistica.com\/wp-content\/uploads\/2024\/03\/fietsen-calpe-vuelta-turistica-768x768.webp 768w\" sizes=\"(max-width: 1200px) 100vw, 1200px\" \/>\t\t\t\t\t\t\t\t\t\t\t\t\t\t\t<\/div>\n\t\t\t\t<\/div>\n\t\t\t\t<\/div>\n\t\t\t\t\t<\/div>\n\t\t\t\t<\/div>\n\t\t\t\t<\/div>\n\t\t","protected":false},"excerpt":{"rendered":"<p>Coll de Rates via Tarbena &#8211; Cycling Route from Calpe A slightly shorter but challenging ride over Coll de Rates, this route is 76 kilometers long and has 1,280 meters of elevation gain. Good luck and enjoy this fun ride! Cycling Route from Calpe over Coll de Rates From the headquarters of Vuelta Turistica, you [&hellip;]<\/p>\n","protected":false},"author":1,"featured_media":729,"parent":589,"menu_order":0,"comment_status":"closed","ping_status":"open","template":"","meta":{"footnotes":""},"class_list":["post-662","page","type-page","status-publish","has-post-thumbnail","hentry"],"yoast_head":"<!-- This site is optimized with the Yoast SEO plugin v27.5 - https:\/\/yoast.com\/product\/yoast-seo-wordpress\/ -->\n<title>Coll de Rates via Tarbena (76 km) - Cycling Route from Calpe<\/title>\n<meta name=\"description\" content=\"A slightly shorter but challenging ride to the top of Coll de Rates via Tarbena - A route of 76 kilometers and 1,280 meters of elevation gain - View this route\" \/>\n<meta name=\"robots\" content=\"index, follow, max-snippet:-1, max-image-preview:large, max-video-preview:-1\" \/>\n<link rel=\"canonical\" href=\"https:\/\/www.vuelta-turistica.com\/en\/cycling-routes-calpe\/coll-de-rates-via-tarbena-76-km-1280-meters-elevation-gain\/\" \/>\n<meta property=\"og:locale\" content=\"en_US\" \/>\n<meta property=\"og:type\" content=\"article\" \/>\n<meta property=\"og:title\" content=\"Coll de Rates via Tarbena (76 km) - Cycling Route from Calpe\" \/>\n<meta property=\"og:description\" content=\"A slightly shorter but challenging ride to the top of Coll de Rates via Tarbena - A route of 76 kilometers and 1,280 meters of elevation gain - View this route\" \/>\n<meta property=\"og:url\" content=\"https:\/\/www.vuelta-turistica.com\/en\/cycling-routes-calpe\/coll-de-rates-via-tarbena-76-km-1280-meters-elevation-gain\/\" \/>\n<meta property=\"og:site_name\" content=\"Vuelta Turistica\" \/>\n<meta property=\"article:publisher\" content=\"https:\/\/www.facebook.com\/p\/VueltaTuristica-100039835785303\/\" \/>\n<meta property=\"article:modified_time\" content=\"2024-07-26T08:13:48+00:00\" \/>\n<meta property=\"og:image\" content=\"https:\/\/www.vuelta-turistica.com\/wp-content\/uploads\/2024\/07\/cycling-route-calpe-tarbena-coll-de-rates-featured.webp\" \/>\n\t<meta property=\"og:image:width\" content=\"800\" \/>\n\t<meta property=\"og:image:height\" content=\"800\" \/>\n\t<meta property=\"og:image:type\" content=\"image\/webp\" \/>\n<meta name=\"twitter:card\" content=\"summary_large_image\" \/>\n<meta name=\"twitter:label1\" content=\"Est. reading time\" \/>\n\t<meta name=\"twitter:data1\" content=\"3 minutes\" \/>\n<script type=\"application\/ld+json\" class=\"yoast-schema-graph\">{\"@context\":\"https:\\\/\\\/schema.org\",\"@graph\":[{\"@type\":\"WebPage\",\"@id\":\"https:\\\/\\\/www.vuelta-turistica.com\\\/en\\\/cycling-routes-calpe\\\/coll-de-rates-via-tarbena-76-km-1280-meters-elevation-gain\\\/\",\"url\":\"https:\\\/\\\/www.vuelta-turistica.com\\\/en\\\/cycling-routes-calpe\\\/coll-de-rates-via-tarbena-76-km-1280-meters-elevation-gain\\\/\",\"name\":\"Coll de Rates via Tarbena (76 km) - Cycling Route from Calpe\",\"isPartOf\":{\"@id\":\"https:\\\/\\\/www.vuelta-turistica.com\\\/en\\\/#website\"},\"primaryImageOfPage\":{\"@id\":\"https:\\\/\\\/www.vuelta-turistica.com\\\/en\\\/cycling-routes-calpe\\\/coll-de-rates-via-tarbena-76-km-1280-meters-elevation-gain\\\/#primaryimage\"},\"image\":{\"@id\":\"https:\\\/\\\/www.vuelta-turistica.com\\\/en\\\/cycling-routes-calpe\\\/coll-de-rates-via-tarbena-76-km-1280-meters-elevation-gain\\\/#primaryimage\"},\"thumbnailUrl\":\"https:\\\/\\\/www.vuelta-turistica.com\\\/wp-content\\\/uploads\\\/2024\\\/07\\\/cycling-route-calpe-tarbena-coll-de-rates-featured.webp\",\"datePublished\":\"2024-05-31T19:18:15+00:00\",\"dateModified\":\"2024-07-26T08:13:48+00:00\",\"description\":\"A slightly shorter but challenging ride to the top of Coll de Rates via Tarbena - A route of 76 kilometers and 1,280 meters of elevation gain - View this route\",\"breadcrumb\":{\"@id\":\"https:\\\/\\\/www.vuelta-turistica.com\\\/en\\\/cycling-routes-calpe\\\/coll-de-rates-via-tarbena-76-km-1280-meters-elevation-gain\\\/#breadcrumb\"},\"inLanguage\":\"en-US\",\"potentialAction\":[{\"@type\":\"ReadAction\",\"target\":[\"https:\\\/\\\/www.vuelta-turistica.com\\\/en\\\/cycling-routes-calpe\\\/coll-de-rates-via-tarbena-76-km-1280-meters-elevation-gain\\\/\"]}]},{\"@type\":\"ImageObject\",\"inLanguage\":\"en-US\",\"@id\":\"https:\\\/\\\/www.vuelta-turistica.com\\\/en\\\/cycling-routes-calpe\\\/coll-de-rates-via-tarbena-76-km-1280-meters-elevation-gain\\\/#primaryimage\",\"url\":\"https:\\\/\\\/www.vuelta-turistica.com\\\/wp-content\\\/uploads\\\/2024\\\/07\\\/cycling-route-calpe-tarbena-coll-de-rates-featured.webp\",\"contentUrl\":\"https:\\\/\\\/www.vuelta-turistica.com\\\/wp-content\\\/uploads\\\/2024\\\/07\\\/cycling-route-calpe-tarbena-coll-de-rates-featured.webp\",\"width\":800,\"height\":800,\"caption\":\"Cycling Route Calpe \\\/ Tarbena \\\/ Coll de Rates - Featured\"},{\"@type\":\"BreadcrumbList\",\"@id\":\"https:\\\/\\\/www.vuelta-turistica.com\\\/en\\\/cycling-routes-calpe\\\/coll-de-rates-via-tarbena-76-km-1280-meters-elevation-gain\\\/#breadcrumb\",\"itemListElement\":[{\"@type\":\"ListItem\",\"position\":1,\"name\":\"Home\",\"item\":\"https:\\\/\\\/www.vuelta-turistica.com\\\/en\\\/\"},{\"@type\":\"ListItem\",\"position\":2,\"name\":\"Cycling routes in Calpe\",\"item\":\"https:\\\/\\\/www.vuelta-turistica.com\\\/en\\\/cycling-routes-calpe\\\/\"},{\"@type\":\"ListItem\",\"position\":3,\"name\":\"Coll de Rates via Tarbena\"}]},{\"@type\":\"WebSite\",\"@id\":\"https:\\\/\\\/www.vuelta-turistica.com\\\/en\\\/#website\",\"url\":\"https:\\\/\\\/www.vuelta-turistica.com\\\/en\\\/\",\"name\":\"Vuelta Turistica\",\"description\":\"\",\"publisher\":{\"@id\":\"https:\\\/\\\/www.vuelta-turistica.com\\\/en\\\/#organization\"},\"potentialAction\":[{\"@type\":\"SearchAction\",\"target\":{\"@type\":\"EntryPoint\",\"urlTemplate\":\"https:\\\/\\\/www.vuelta-turistica.com\\\/en\\\/?s={search_term_string}\"},\"query-input\":{\"@type\":\"PropertyValueSpecification\",\"valueRequired\":true,\"valueName\":\"search_term_string\"}}],\"inLanguage\":\"en-US\"},{\"@type\":\"Organization\",\"@id\":\"https:\\\/\\\/www.vuelta-turistica.com\\\/en\\\/#organization\",\"name\":\"Vuelta Turistica\",\"url\":\"https:\\\/\\\/www.vuelta-turistica.com\\\/en\\\/\",\"logo\":{\"@type\":\"ImageObject\",\"inLanguage\":\"en-US\",\"@id\":\"https:\\\/\\\/www.vuelta-turistica.com\\\/en\\\/#\\\/schema\\\/logo\\\/image\\\/\",\"url\":\"https:\\\/\\\/www.vuelta-turistica.com\\\/wp-content\\\/uploads\\\/2023\\\/12\\\/logo-vuelta-turistica-wit.png\",\"contentUrl\":\"https:\\\/\\\/www.vuelta-turistica.com\\\/wp-content\\\/uploads\\\/2023\\\/12\\\/logo-vuelta-turistica-wit.png\",\"width\":1000,\"height\":394,\"caption\":\"Vuelta Turistica\"},\"image\":{\"@id\":\"https:\\\/\\\/www.vuelta-turistica.com\\\/en\\\/#\\\/schema\\\/logo\\\/image\\\/\"},\"sameAs\":[\"https:\\\/\\\/www.facebook.com\\\/p\\\/VueltaTuristica-100039835785303\\\/\"]}]}<\/script>\n<!-- \/ Yoast SEO plugin. -->","yoast_head_json":{"title":"Coll de Rates via Tarbena (76 km) - Cycling Route from Calpe","description":"A slightly shorter but challenging ride to the top of Coll de Rates via Tarbena - A route of 76 kilometers and 1,280 meters of elevation gain - View this route","robots":{"index":"index","follow":"follow","max-snippet":"max-snippet:-1","max-image-preview":"max-image-preview:large","max-video-preview":"max-video-preview:-1"},"canonical":"https:\/\/www.vuelta-turistica.com\/en\/cycling-routes-calpe\/coll-de-rates-via-tarbena-76-km-1280-meters-elevation-gain\/","og_locale":"en_US","og_type":"article","og_title":"Coll de Rates via Tarbena (76 km) - Cycling Route from Calpe","og_description":"A slightly shorter but challenging ride to the top of Coll de Rates via Tarbena - A route of 76 kilometers and 1,280 meters of elevation gain - View this route","og_url":"https:\/\/www.vuelta-turistica.com\/en\/cycling-routes-calpe\/coll-de-rates-via-tarbena-76-km-1280-meters-elevation-gain\/","og_site_name":"Vuelta Turistica","article_publisher":"https:\/\/www.facebook.com\/p\/VueltaTuristica-100039835785303\/","article_modified_time":"2024-07-26T08:13:48+00:00","og_image":[{"width":800,"height":800,"url":"https:\/\/www.vuelta-turistica.com\/wp-content\/uploads\/2024\/07\/cycling-route-calpe-tarbena-coll-de-rates-featured.webp","type":"image\/webp"}],"twitter_card":"summary_large_image","twitter_misc":{"Est. reading time":"3 minutes"},"schema":{"@context":"https:\/\/schema.org","@graph":[{"@type":"WebPage","@id":"https:\/\/www.vuelta-turistica.com\/en\/cycling-routes-calpe\/coll-de-rates-via-tarbena-76-km-1280-meters-elevation-gain\/","url":"https:\/\/www.vuelta-turistica.com\/en\/cycling-routes-calpe\/coll-de-rates-via-tarbena-76-km-1280-meters-elevation-gain\/","name":"Coll de Rates via Tarbena (76 km) - Cycling Route from Calpe","isPartOf":{"@id":"https:\/\/www.vuelta-turistica.com\/en\/#website"},"primaryImageOfPage":{"@id":"https:\/\/www.vuelta-turistica.com\/en\/cycling-routes-calpe\/coll-de-rates-via-tarbena-76-km-1280-meters-elevation-gain\/#primaryimage"},"image":{"@id":"https:\/\/www.vuelta-turistica.com\/en\/cycling-routes-calpe\/coll-de-rates-via-tarbena-76-km-1280-meters-elevation-gain\/#primaryimage"},"thumbnailUrl":"https:\/\/www.vuelta-turistica.com\/wp-content\/uploads\/2024\/07\/cycling-route-calpe-tarbena-coll-de-rates-featured.webp","datePublished":"2024-05-31T19:18:15+00:00","dateModified":"2024-07-26T08:13:48+00:00","description":"A slightly shorter but challenging ride to the top of Coll de Rates via Tarbena - A route of 76 kilometers and 1,280 meters of elevation gain - View this route","breadcrumb":{"@id":"https:\/\/www.vuelta-turistica.com\/en\/cycling-routes-calpe\/coll-de-rates-via-tarbena-76-km-1280-meters-elevation-gain\/#breadcrumb"},"inLanguage":"en-US","potentialAction":[{"@type":"ReadAction","target":["https:\/\/www.vuelta-turistica.com\/en\/cycling-routes-calpe\/coll-de-rates-via-tarbena-76-km-1280-meters-elevation-gain\/"]}]},{"@type":"ImageObject","inLanguage":"en-US","@id":"https:\/\/www.vuelta-turistica.com\/en\/cycling-routes-calpe\/coll-de-rates-via-tarbena-76-km-1280-meters-elevation-gain\/#primaryimage","url":"https:\/\/www.vuelta-turistica.com\/wp-content\/uploads\/2024\/07\/cycling-route-calpe-tarbena-coll-de-rates-featured.webp","contentUrl":"https:\/\/www.vuelta-turistica.com\/wp-content\/uploads\/2024\/07\/cycling-route-calpe-tarbena-coll-de-rates-featured.webp","width":800,"height":800,"caption":"Cycling Route Calpe \/ Tarbena \/ Coll de Rates - Featured"},{"@type":"BreadcrumbList","@id":"https:\/\/www.vuelta-turistica.com\/en\/cycling-routes-calpe\/coll-de-rates-via-tarbena-76-km-1280-meters-elevation-gain\/#breadcrumb","itemListElement":[{"@type":"ListItem","position":1,"name":"Home","item":"https:\/\/www.vuelta-turistica.com\/en\/"},{"@type":"ListItem","position":2,"name":"Cycling routes in Calpe","item":"https:\/\/www.vuelta-turistica.com\/en\/cycling-routes-calpe\/"},{"@type":"ListItem","position":3,"name":"Coll de Rates via Tarbena"}]},{"@type":"WebSite","@id":"https:\/\/www.vuelta-turistica.com\/en\/#website","url":"https:\/\/www.vuelta-turistica.com\/en\/","name":"Vuelta Turistica","description":"","publisher":{"@id":"https:\/\/www.vuelta-turistica.com\/en\/#organization"},"potentialAction":[{"@type":"SearchAction","target":{"@type":"EntryPoint","urlTemplate":"https:\/\/www.vuelta-turistica.com\/en\/?s={search_term_string}"},"query-input":{"@type":"PropertyValueSpecification","valueRequired":true,"valueName":"search_term_string"}}],"inLanguage":"en-US"},{"@type":"Organization","@id":"https:\/\/www.vuelta-turistica.com\/en\/#organization","name":"Vuelta Turistica","url":"https:\/\/www.vuelta-turistica.com\/en\/","logo":{"@type":"ImageObject","inLanguage":"en-US","@id":"https:\/\/www.vuelta-turistica.com\/en\/#\/schema\/logo\/image\/","url":"https:\/\/www.vuelta-turistica.com\/wp-content\/uploads\/2023\/12\/logo-vuelta-turistica-wit.png","contentUrl":"https:\/\/www.vuelta-turistica.com\/wp-content\/uploads\/2023\/12\/logo-vuelta-turistica-wit.png","width":1000,"height":394,"caption":"Vuelta Turistica"},"image":{"@id":"https:\/\/www.vuelta-turistica.com\/en\/#\/schema\/logo\/image\/"},"sameAs":["https:\/\/www.facebook.com\/p\/VueltaTuristica-100039835785303\/"]}]}},"_links":{"self":[{"href":"https:\/\/www.vuelta-turistica.com\/en\/wp-json\/wp\/v2\/pages\/662","targetHints":{"allow":["GET"]}}],"collection":[{"href":"https:\/\/www.vuelta-turistica.com\/en\/wp-json\/wp\/v2\/pages"}],"about":[{"href":"https:\/\/www.vuelta-turistica.com\/en\/wp-json\/wp\/v2\/types\/page"}],"author":[{"embeddable":true,"href":"https:\/\/www.vuelta-turistica.com\/en\/wp-json\/wp\/v2\/users\/1"}],"replies":[{"embeddable":true,"href":"https:\/\/www.vuelta-turistica.com\/en\/wp-json\/wp\/v2\/comments?post=662"}],"version-history":[{"count":0,"href":"https:\/\/www.vuelta-turistica.com\/en\/wp-json\/wp\/v2\/pages\/662\/revisions"}],"up":[{"embeddable":true,"href":"https:\/\/www.vuelta-turistica.com\/en\/wp-json\/wp\/v2\/pages\/589"}],"wp:featuredmedia":[{"embeddable":true,"href":"https:\/\/www.vuelta-turistica.com\/en\/wp-json\/wp\/v2\/media\/729"}],"wp:attachment":[{"href":"https:\/\/www.vuelta-turistica.com\/en\/wp-json\/wp\/v2\/media?parent=662"}],"curies":[{"name":"wp","href":"https:\/\/api.w.org\/{rel}","templated":true}]}}